{"id":29,"date":"2025-12-26T13:32:48","date_gmt":"2025-12-26T13:32:48","guid":{"rendered":"https:\/\/sayaniku.com\/?page_id=29"},"modified":"2025-12-28T09:11:23","modified_gmt":"2025-12-28T09:11:23","slug":"bluesky-list","status":"publish","type":"page","link":"https:\/\/sayaniku.com\/index.php\/bluesky-list\/","title":{"rendered":"Bluesky list"},"content":{"rendered":"\n<div class=\"wp-block-columns alignwide is-layout-flex wp-container-core-columns-is-layout-28f84493 wp-block-columns-is-layout-flex\">\n<div class=\"wp-block-column is-layout-flow wp-block-column-is-layout-flow\" style=\"flex-basis:100%\">\n<pre class=\"wp-block-preformatted\">Ici seront les listes Bluesky qui peuvent \u00eatre necessaire ou conseill\u00e9<\/pre>\n<\/div>\n<\/div>\n\n\n\n<div class=\"wp-block-columns alignwide is-layout-flex wp-container-core-columns-is-layout-28f84493 wp-block-columns-is-layout-flex\">\n<div class=\"wp-block-column is-layout-flow wp-block-column-is-layout-flow\">\n<p>Liste de Vtuber FR : <\/p>\n\n\n\n<ul class=\"wp-block-list\">\n<li><a href=\"https:\/\/bsky.app\/starter-pack\/dei-pulsar.bsky.social\/3maua3vwjxx26\">Vtuber FR ~ Starter Pack ! (cr\u00e9e par @dei-pulsar.bsky.social)<\/a><\/li>\n<\/ul>\n<\/div>\n\n\n\n<div class=\"wp-block-column is-layout-flow wp-block-column-is-layout-flow\">\n<p>Feed de Vtuber FR :<\/p>\n\n\n\n<ul class=\"wp-block-list\">\n<li><a href=\"https:\/\/bsky.app\/profile\/dei-pulsar.bsky.social\/feed\/aaabxq7kclvkk\">VArtist FR (cr\u00e9e par @dei-pulsar.bsky.social)<\/a><\/li>\n\n\n\n<li><a href=\"https:\/\/bsky.app\/profile\/wikivtuberfr.bsky.social\/lists\/3l6rncthrcm2i\">#VTuberFR (cr\u00e9e par @wikivtuberfr.bsky.social)<\/a><\/li>\n\n\n\n<li><a href=\"https:\/\/bsky.app\/profile\/dei-pulsar.bsky.social\/feed\/aaabxpq3ovwde\">Vtuber FR (cr\u00e9e par @dei-pulsar.bsky.social)<\/a><\/li>\n\n\n\n<li><a href=\"https:\/\/bsky.app\/profile\/drxela.bsky.social\/feed\/aaamgddpu2kjo\">#VtuberFR (cr\u00e9e par @drxela.bsky.social)<\/a><\/li>\n\n\n\n<li><a href=\"https:\/\/bsky.app\/profile\/drxela.bsky.social\/feed\/aaamgny7e6fe6\">VtuberFR (cr\u00e9e par @drxela.bsky.social)<\/a><\/li>\n\n\n\n<li><a href=\"https:\/\/bsky.app\/profile\/did:plc:bcvybmmlswmohf2wk5bkphgg\/lists\/3mawkjfhjme2h\">Vtubers Cute (cr\u00e9e par @meiiruvt.bsky.social)<\/a><\/li>\n\n\n\n<li><a href=\"https:\/\/bsky.app\/profile\/sehtutu.bsky.social\/feed\/aaanas4ehc4s6\">VtuberFR \/ PNGtuberFR (cr\u00e9e par @sehtutu.bsky.social)<\/a><\/li>\n<\/ul>\n<\/div>\n<\/div>\n\n\n\n<p>Liste de mod\u00e9ration (a s&rsquo;abonner pour tout bloquer) : <\/p>\n\n\n\n<ul class=\"wp-block-list\">\n<li><a href=\"https:\/\/bsky.app\/profile\/nyastra.bsky.social\/lists\/3lbty2ittfd2x\">Les moins que rien (cr\u00e9e par @nyastra.bsky.social)<\/a><\/li>\n\n\n\n<li><a href=\"https:\/\/bsky.app\/profile\/contentscrapers.bsky.social\/lists\/3lbqvvdsz7p2y\">Content Scrapers (cr\u00e9e par @contentscrapers.bsky.social)<\/a><\/li>\n\n\n\n<li><a href=\"https:\/\/bsky.app\/profile\/brainnotonyet.bsky.social\/lists\/3jvplg6i7vb2p\">Far right accounts (cr\u00e9e par @brainnotonyet.bsky.social)<\/a><\/li>\n\n\n\n<li><a href=\"https:\/\/bsky.app\/profile\/steinmakesgames.bsky.social\/lists\/3ldwkde4fey22\">AI-Generated Gaming Bots + spammers (cr\u00e9e par @steinmakesgames.bsky.social)<\/a><\/li>\n\n\n\n<li><a href=\"https:\/\/bsky.app\/profile\/notkoze.trashmammal.club\/lists\/3kc3zjv6xj32r\">Commission Artist \u201cBots\u201d (cr\u00e9e par @notkoze.trashmammal.club)<\/a><\/li>\n\n\n\n<li><a href=\"https:\/\/bsky.app\/profile\/rayday.bsky.social\/lists\/3jxwojift2y2n\">The Great AI &#8211; NFT &#8211; CRYPTO Cull (cr\u00e9e par @rayday.bsky.social)<\/a><\/li>\n\n\n\n<li><a href=\"https:\/\/bsky.app\/profile\/christopheml.fr\/lists\/3l6v6gjl6wl2m\">Pessi (cr\u00e9e par @christopheml.fr)<\/a><\/li>\n\n\n\n<li><a href=\"https:\/\/bsky.app\/profile\/franzanth.bsky.social\/lists\/3jzmevbfqkj2u\">Content Scrqpers (cr\u00e9e par @franzanth.bsky.social)<\/a><\/li>\n<\/ul>\n\n\n\n<div class=\"wp-block-columns alignwide are-vertically-aligned-center is-layout-flex wp-container-core-columns-is-layout-28f84493 wp-block-columns-is-layout-flex\">\n<div class=\"wp-block-column is-vertically-aligned-center is-layout-flow wp-block-column-is-layout-flow\" style=\"flex-basis:100%\">\n<p class=\"has-text-align-center\">Si vous avez d&rsquo;autres listes, hesitez pas a me contacter sur bsky (@sayaniku.renardetkitsune.fr) ou alors sur discord (@sayaniku_), ou mieux, par mail &gt; contact@sayaniku.com<\/p>\n<\/div>\n<\/div>\n","protected":false},"excerpt":{"rendered":"<p>Ici seront les listes Bluesky qui peuvent \u00eatre necessaire ou conseill\u00e9 Liste de Vtuber FR : Feed de Vtuber FR : Liste de mod\u00e9ration (a s&rsquo;abonner pour tout bloquer) : Si vous avez d&rsquo;autres listes, hesitez pas a me contacter sur bsky (@sayaniku.renardetkitsune.fr) ou alors sur discord (@sayaniku_), ou mieux, par mail &gt; contact@sayaniku.com<\/p>\n","protected":false},"author":1,"featured_media":0,"parent":0,"menu_order":0,"comment_status":"closed","ping_status":"closed","template":"","meta":{"footnotes":""},"class_list":["post-29","page","type-page","status-publish","hentry"],"yoast_head":"<!-- This site is optimized with the Yoast SEO plugin v27.2 - https:\/\/yoast.com\/product\/yoast-seo-wordpress\/ -->\n<title>Bluesky list - Sayaniku<\/title>\n<meta name=\"robots\" content=\"index, follow, max-snippet:-1, max-image-preview:large, max-video-preview:-1\" \/>\n<link rel=\"canonical\" href=\"https:\/\/sayaniku.com\/index.php\/bluesky-list\/\" \/>\n<meta property=\"og:locale\" content=\"fr_FR\" \/>\n<meta property=\"og:type\" content=\"article\" \/>\n<meta property=\"og:title\" content=\"Bluesky list - Sayaniku\" \/>\n<meta property=\"og:description\" content=\"Ici seront les listes Bluesky qui peuvent \u00eatre necessaire ou conseill\u00e9 Liste de Vtuber FR : Feed de Vtuber FR : Liste de mod\u00e9ration (a s&rsquo;abonner pour tout bloquer) : Si vous avez d&rsquo;autres listes, hesitez pas a me contacter sur bsky (@sayaniku.renardetkitsune.fr) ou alors sur discord (@sayaniku_), ou mieux, par mail &gt; contact@sayaniku.com\" \/>\n<meta property=\"og:url\" content=\"https:\/\/sayaniku.com\/index.php\/bluesky-list\/\" \/>\n<meta property=\"og:site_name\" content=\"Sayaniku\" \/>\n<meta property=\"article:modified_time\" content=\"2025-12-28T09:11:23+00:00\" \/>\n<meta name=\"twitter:card\" content=\"summary_large_image\" \/>\n<meta name=\"twitter:label1\" content=\"Dur\u00e9e de lecture estim\u00e9e\" \/>\n\t<meta name=\"twitter:data1\" content=\"1 minute\" \/>\n<script type=\"application\/ld+json\" class=\"yoast-schema-graph\">{\"@context\":\"https:\/\/schema.org\",\"@graph\":[{\"@type\":\"WebPage\",\"@id\":\"https:\/\/sayaniku.com\/index.php\/bluesky-list\/\",\"url\":\"https:\/\/sayaniku.com\/index.php\/bluesky-list\/\",\"name\":\"Bluesky list - Sayaniku\",\"isPartOf\":{\"@id\":\"https:\/\/sayaniku.com\/#website\"},\"datePublished\":\"2025-12-26T13:32:48+00:00\",\"dateModified\":\"2025-12-28T09:11:23+00:00\",\"breadcrumb\":{\"@id\":\"https:\/\/sayaniku.com\/index.php\/bluesky-list\/#breadcrumb\"},\"inLanguage\":\"fr-FR\",\"potentialAction\":[{\"@type\":\"ReadAction\",\"target\":[\"https:\/\/sayaniku.com\/index.php\/bluesky-list\/\"]}]},{\"@type\":\"BreadcrumbList\",\"@id\":\"https:\/\/sayaniku.com\/index.php\/bluesky-list\/#breadcrumb\",\"itemListElement\":[{\"@type\":\"ListItem\",\"position\":1,\"name\":\"Accueil\",\"item\":\"https:\/\/sayaniku.com\/\"},{\"@type\":\"ListItem\",\"position\":2,\"name\":\"Bluesky list\"}]},{\"@type\":\"WebSite\",\"@id\":\"https:\/\/sayaniku.com\/#website\",\"url\":\"https:\/\/sayaniku.com\/\",\"name\":\"Sayaniku\",\"description\":\"\",\"publisher\":{\"@id\":\"https:\/\/sayaniku.com\/#\/schema\/person\/cf94df5185ac861b532059da4e2c9a62\"},\"potentialAction\":[{\"@type\":\"SearchAction\",\"target\":{\"@type\":\"EntryPoint\",\"urlTemplate\":\"https:\/\/sayaniku.com\/?s={search_term_string}\"},\"query-input\":{\"@type\":\"PropertyValueSpecification\",\"valueRequired\":true,\"valueName\":\"search_term_string\"}}],\"inLanguage\":\"fr-FR\"},{\"@type\":[\"Person\",\"Organization\"],\"@id\":\"https:\/\/sayaniku.com\/#\/schema\/person\/cf94df5185ac861b532059da4e2c9a62\",\"name\":\"Sayaniku\",\"image\":{\"@type\":\"ImageObject\",\"inLanguage\":\"fr-FR\",\"@id\":\"https:\/\/sayaniku.com\/wp-content\/uploads\/2025\/12\/9870fe35d573ab28eb4f33fc3c721771.png\",\"url\":\"https:\/\/sayaniku.com\/wp-content\/uploads\/2025\/12\/9870fe35d573ab28eb4f33fc3c721771.png\",\"contentUrl\":\"https:\/\/sayaniku.com\/wp-content\/uploads\/2025\/12\/9870fe35d573ab28eb4f33fc3c721771.png\",\"width\":539,\"height\":539,\"caption\":\"Sayaniku\"},\"logo\":{\"@id\":\"https:\/\/sayaniku.com\/wp-content\/uploads\/2025\/12\/9870fe35d573ab28eb4f33fc3c721771.png\"},\"sameAs\":[\"https:\/\/sayaniku.com\"]}]}<\/script>\n<!-- \/ Yoast SEO plugin. -->","yoast_head_json":{"title":"Bluesky list - Sayaniku","robots":{"index":"index","follow":"follow","max-snippet":"max-snippet:-1","max-image-preview":"max-image-preview:large","max-video-preview":"max-video-preview:-1"},"canonical":"https:\/\/sayaniku.com\/index.php\/bluesky-list\/","og_locale":"fr_FR","og_type":"article","og_title":"Bluesky list - Sayaniku","og_description":"Ici seront les listes Bluesky qui peuvent \u00eatre necessaire ou conseill\u00e9 Liste de Vtuber FR : Feed de Vtuber FR : Liste de mod\u00e9ration (a s&rsquo;abonner pour tout bloquer) : Si vous avez d&rsquo;autres listes, hesitez pas a me contacter sur bsky (@sayaniku.renardetkitsune.fr) ou alors sur discord (@sayaniku_), ou mieux, par mail &gt; contact@sayaniku.com","og_url":"https:\/\/sayaniku.com\/index.php\/bluesky-list\/","og_site_name":"Sayaniku","article_modified_time":"2025-12-28T09:11:23+00:00","twitter_card":"summary_large_image","twitter_misc":{"Dur\u00e9e de lecture estim\u00e9e":"1 minute"},"schema":{"@context":"https:\/\/schema.org","@graph":[{"@type":"WebPage","@id":"https:\/\/sayaniku.com\/index.php\/bluesky-list\/","url":"https:\/\/sayaniku.com\/index.php\/bluesky-list\/","name":"Bluesky list - Sayaniku","isPartOf":{"@id":"https:\/\/sayaniku.com\/#website"},"datePublished":"2025-12-26T13:32:48+00:00","dateModified":"2025-12-28T09:11:23+00:00","breadcrumb":{"@id":"https:\/\/sayaniku.com\/index.php\/bluesky-list\/#breadcrumb"},"inLanguage":"fr-FR","potentialAction":[{"@type":"ReadAction","target":["https:\/\/sayaniku.com\/index.php\/bluesky-list\/"]}]},{"@type":"BreadcrumbList","@id":"https:\/\/sayaniku.com\/index.php\/bluesky-list\/#breadcrumb","itemListElement":[{"@type":"ListItem","position":1,"name":"Accueil","item":"https:\/\/sayaniku.com\/"},{"@type":"ListItem","position":2,"name":"Bluesky list"}]},{"@type":"WebSite","@id":"https:\/\/sayaniku.com\/#website","url":"https:\/\/sayaniku.com\/","name":"Sayaniku","description":"","publisher":{"@id":"https:\/\/sayaniku.com\/#\/schema\/person\/cf94df5185ac861b532059da4e2c9a62"},"potentialAction":[{"@type":"SearchAction","target":{"@type":"EntryPoint","urlTemplate":"https:\/\/sayaniku.com\/?s={search_term_string}"},"query-input":{"@type":"PropertyValueSpecification","valueRequired":true,"valueName":"search_term_string"}}],"inLanguage":"fr-FR"},{"@type":["Person","Organization"],"@id":"https:\/\/sayaniku.com\/#\/schema\/person\/cf94df5185ac861b532059da4e2c9a62","name":"Sayaniku","image":{"@type":"ImageObject","inLanguage":"fr-FR","@id":"https:\/\/sayaniku.com\/wp-content\/uploads\/2025\/12\/9870fe35d573ab28eb4f33fc3c721771.png","url":"https:\/\/sayaniku.com\/wp-content\/uploads\/2025\/12\/9870fe35d573ab28eb4f33fc3c721771.png","contentUrl":"https:\/\/sayaniku.com\/wp-content\/uploads\/2025\/12\/9870fe35d573ab28eb4f33fc3c721771.png","width":539,"height":539,"caption":"Sayaniku"},"logo":{"@id":"https:\/\/sayaniku.com\/wp-content\/uploads\/2025\/12\/9870fe35d573ab28eb4f33fc3c721771.png"},"sameAs":["https:\/\/sayaniku.com"]}]}},"_links":{"self":[{"href":"https:\/\/sayaniku.com\/index.php\/wp-json\/wp\/v2\/pages\/29","targetHints":{"allow":["GET"]}}],"collection":[{"href":"https:\/\/sayaniku.com\/index.php\/wp-json\/wp\/v2\/pages"}],"about":[{"href":"https:\/\/sayaniku.com\/index.php\/wp-json\/wp\/v2\/types\/page"}],"author":[{"embeddable":true,"href":"https:\/\/sayaniku.com\/index.php\/wp-json\/wp\/v2\/users\/1"}],"replies":[{"embeddable":true,"href":"https:\/\/sayaniku.com\/index.php\/wp-json\/wp\/v2\/comments?post=29"}],"version-history":[{"count":10,"href":"https:\/\/sayaniku.com\/index.php\/wp-json\/wp\/v2\/pages\/29\/revisions"}],"predecessor-version":[{"id":91,"href":"https:\/\/sayaniku.com\/index.php\/wp-json\/wp\/v2\/pages\/29\/revisions\/91"}],"wp:attachment":[{"href":"https:\/\/sayaniku.com\/index.php\/wp-json\/wp\/v2\/media?parent=29"}],"curies":[{"name":"wp","href":"https:\/\/api.w.org\/{rel}","templated":true}]}}